{"id":6,"date":"2022-09-25T12:40:43","date_gmt":"2022-09-25T15:40:43","guid":{"rendered":"http:\/\/quiperagro.com\/?page_id=6"},"modified":"2023-03-27T11:51:10","modified_gmt":"2023-03-27T14:51:10","slug":"sobre","status":"publish","type":"page","link":"http:\/\/quiperagro.com\/?page_id=6","title":{"rendered":"Sobre"},"content":{"rendered":"\t\t<div data-elementor-type=\"wp-page\" data-elementor-id=\"6\" class=\"elementor elementor-6\">\n\t\t\t\t\t\t\t\t\t<section class=\"elementor-section elementor-top-section elementor-element elementor-element-286fa8c elementor-section-boxed elementor-section-height-default elementor-section-height-default\" data-id=\"286fa8c\" data-element_type=\"section\" data-settings=\"{&quot;background_background&quot;:&quot;slideshow&quot;,&quot;background_slideshow_gallery&quot;:[{&quot;id&quot;:260,&quot;url&quot;:&quot;http:\\\/\\\/quiperagro.com\\\/wp-content\\\/uploads\\\/2023\\\/01\\\/banner-site-4.jpg&quot;},{&quot;id&quot;:261,&quot;url&quot;:&quot;http:\\\/\\\/quiperagro.com\\\/wp-content\\\/uploads\\\/2023\\\/01\\\/Banner-site.jpg&quot;},{&quot;id&quot;:259,&quot;url&quot;:&quot;http:\\\/\\\/quiperagro.com\\\/wp-content\\\/uploads\\\/2023\\\/01\\\/banner-site-3.jpg&quot;},{&quot;id&quot;:258,&quot;url&quot;:&quot;http:\\\/\\\/quiperagro.com\\\/wp-content\\\/uploads\\\/2023\\\/01\\\/banner-site-2.jpg&quot;}],&quot;background_slideshow_loop&quot;:&quot;yes&quot;,&quot;background_slideshow_slide_duration&quot;:5000,&quot;background_slideshow_slide_transition&quot;:&quot;fade&quot;,&quot;background_slideshow_transition_duration&quot;:500}\">\n\t\t\t\t\t\t\t<div class=\"elementor-background-overlay\"><\/div>\n\t\t\t\t\t\t\t<div class=\"elementor-container elementor-column-gap-default\">\n\t\t\t\t\t<div class=\"elementor-column elementor-col-100 elementor-top-column elementor-element elementor-element-e9e179c\" data-id=\"e9e179c\" data-element_type=\"column\">\n\t\t\t<div class=\"elementor-widget-wrap elementor-element-populated\">\n\t\t\t\t\t\t\t\t<div class=\"elementor-element elementor-element-58bbbd3 elementor-invisible elementor-widget elementor-widget-heading\" data-id=\"58bbbd3\" data-element_type=\"widget\" data-settings=\"{&quot;_animation&quot;:&quot;slideInUp&quot;}\" data-widget_type=\"heading.default\">\n\t\t\t\t<div class=\"elementor-widget-container\">\n\t\t\t<style>\/*! elementor - v3.11.5 - 14-03-2023 *\/\n.elementor-heading-title{padding:0;margin:0;line-height:1}.elementor-widget-heading .elementor-heading-title[class*=elementor-size-]>a{color:inherit;font-size:inherit;line-height:inherit}.elementor-widget-heading .elementor-heading-title.elementor-size-small{font-size:15px}.elementor-widget-heading .elementor-heading-title.elementor-size-medium{font-size:19px}.elementor-widget-heading .elementor-heading-title.elementor-size-large{font-size:29px}.elementor-widget-heading .elementor-heading-title.elementor-size-xl{font-size:39px}.elementor-widget-heading .elementor-heading-title.elementor-size-xxl{font-size:59px}<\/style><h2 class=\"elementor-heading-title elementor-size-default\">Desenvolvemos solu\u00e7\u00f5es que aumentam a vida \u00fatil das frutas, verduras e legumes!<\/h2>\t\t<\/div>\n\t\t\t\t<\/div>\n\t\t\t\t<div class=\"elementor-element elementor-element-e1bda4a elementor-invisible elementor-widget elementor-widget-text-editor\" data-id=\"e1bda4a\" data-element_type=\"widget\" data-settings=\"{&quot;_animation&quot;:&quot;slideInUp&quot;}\" data-widget_type=\"text-editor.default\">\n\t\t\t\t<div class=\"elementor-widget-container\">\n\t\t\t<style>\/*! elementor - v3.11.5 - 14-03-2023 *\/\n.elementor-widget-text-editor.elementor-drop-cap-view-stacked .elementor-drop-cap{background-color:#818a91;color:#fff}.elementor-widget-text-editor.elementor-drop-cap-view-framed .elementor-drop-cap{color:#818a91;border:3px solid;background-color:transparent}.elementor-widget-text-editor:not(.elementor-drop-cap-view-default) .elementor-drop-cap{margin-top:8px}.elementor-widget-text-editor:not(.elementor-drop-cap-view-default) .elementor-drop-cap-letter{width:1em;height:1em}.elementor-widget-text-editor .elementor-drop-cap{float:left;text-align:center;line-height:1;font-size:50px}.elementor-widget-text-editor .elementor-drop-cap-letter{display:inline-block}<\/style>\t\t\t\t<p>Uma empresa inovadora focada no desenvolvimento de solu\u00e7\u00f5es para prolongar a vida \u00fatil dos alimentos.&nbsp; Proporcionando a redu\u00e7\u00e3o de desperd\u00edcio ao longo de toda a cadeia produtiva, otimizando recursos, ampliando a disponibilidade de produtos e maximizando os resultados.<\/p>\t\t\t\t\t\t<\/div>\n\t\t\t\t<\/div>\n\t\t\t\t<div class=\"elementor-element elementor-element-148c2d3 elementor-invisible elementor-widget elementor-widget-button\" data-id=\"148c2d3\" data-element_type=\"widget\" data-settings=\"{&quot;_animation&quot;:&quot;slideInUp&quot;}\" data-widget_type=\"button.default\">\n\t\t\t\t<div class=\"elementor-widget-container\">\n\t\t\t\t\t<div class=\"elementor-button-wrapper\">\n\t\t\t<a href=\"#down\" class=\"elementor-button-link elementor-button elementor-size-sm\" role=\"button\">\n\t\t\t\t\t\t<span class=\"elementor-button-content-wrapper\">\n\t\t\t\t\t\t\t<span class=\"elementor-button-icon elementor-align-icon-left\">\n\t\t\t\t<i aria-hidden=\"true\" class=\"fas fa-angle-double-down\"><\/i>\t\t\t<\/span>\n\t\t\t\t\t\t<span class=\"elementor-button-text\">Conhe\u00e7a Nossas Solu\u00e7\u00f5es<\/span>\n\t\t<\/span>\n\t\t\t\t\t<\/a>\n\t\t<\/div>\n\t\t\t\t<\/div>\n\t\t\t\t<\/div>\n\t\t\t\t\t<\/div>\n\t\t<\/div>\n\t\t\t\t\t\t\t<\/div>\n\t\t<\/section>\n\t\t\t\t<section class=\"elementor-section elementor-top-section elementor-element elementor-element-4612d9e elementor-section-boxed elementor-section-height-default elementor-section-height-default\" data-id=\"4612d9e\" data-element_type=\"section\" data-settings=\"{&quot;background_background&quot;:&quot;classic&quot;}\">\n\t\t\t\t\t\t<div class=\"elementor-container elementor-column-gap-default\">\n\t\t\t\t\t<div class=\"elementor-column elementor-col-33 elementor-top-column elementor-element elementor-element-e1275b4 elementor-invisible\" data-id=\"e1275b4\" data-element_type=\"column\" data-settings=\"{&quot;background_background&quot;:&quot;classic&quot;,&quot;animation&quot;:&quot;slideInUp&quot;}\">\n\t\t\t<div class=\"elementor-widget-wrap elementor-element-populated\">\n\t\t\t\t\t\t\t\t<div class=\"elementor-element elementor-element-607e456 elementor-widget elementor-widget-menu-anchor\" data-id=\"607e456\" data-element_type=\"widget\" data-widget_type=\"menu-anchor.default\">\n\t\t\t\t<div class=\"elementor-widget-container\">\n\t\t\t<style>\/*! elementor - v3.11.5 - 14-03-2023 *\/\nbody.elementor-page .elementor-widget-menu-anchor{margin-bottom:0}<\/style>\t\t<div id=\"down\" class=\"elementor-menu-anchor\"><\/div>\n\t\t\t\t<\/div>\n\t\t\t\t<\/div>\n\t\t\t\t<div class=\"elementor-element elementor-element-bb79403 elementor-widget elementor-widget-image\" data-id=\"bb79403\" data-element_type=\"widget\" data-widget_type=\"image.default\">\n\t\t\t\t<div class=\"elementor-widget-container\">\n\t\t\t<style>\/*! elementor - v3.11.5 - 14-03-2023 *\/\n.elementor-widget-image{text-align:center}.elementor-widget-image a{display:inline-block}.elementor-widget-image a img[src$=\".svg\"]{width:48px}.elementor-widget-image img{vertical-align:middle;display:inline-block}<\/style>\t\t\t\t\t\t\t\t\t\t\t\t<img loading=\"lazy\" decoding=\"async\" width=\"800\" height=\"954\" src=\"http:\/\/quiperagro.com\/wp-content\/uploads\/2023\/01\/Quiper-Agro-Rotulo-final2_Prancheta-1-copia-2-859x1024.jpg\" class=\"attachment-large size-large wp-image-252\" alt=\"\" srcset=\"http:\/\/quiperagro.com\/wp-content\/uploads\/2023\/01\/Quiper-Agro-Rotulo-final2_Prancheta-1-copia-2-859x1024.jpg 859w, http:\/\/quiperagro.com\/wp-content\/uploads\/2023\/01\/Quiper-Agro-Rotulo-final2_Prancheta-1-copia-2-252x300.jpg 252w, http:\/\/quiperagro.com\/wp-content\/uploads\/2023\/01\/Quiper-Agro-Rotulo-final2_Prancheta-1-copia-2-768x916.jpg 768w, http:\/\/quiperagro.com\/wp-content\/uploads\/2023\/01\/Quiper-Agro-Rotulo-final2_Prancheta-1-copia-2-1289x1536.jpg 1289w, http:\/\/quiperagro.com\/wp-content\/uploads\/2023\/01\/Quiper-Agro-Rotulo-final2_Prancheta-1-copia-2-1718x2048.jpg 1718w, http:\/\/quiperagro.com\/wp-content\/uploads\/2023\/01\/Quiper-Agro-Rotulo-final2_Prancheta-1-copia-2.jpg 1843w\" sizes=\"auto, (max-width: 800px) 100vw, 800px\" \/>\t\t\t\t\t\t\t\t\t\t\t\t\t\t\t<\/div>\n\t\t\t\t<\/div>\n\t\t\t\t<div class=\"elementor-element elementor-element-7be09a0 elementor-widget elementor-widget-heading\" data-id=\"7be09a0\" data-element_type=\"widget\" data-widget_type=\"heading.default\">\n\t\t\t\t<div class=\"elementor-widget-container\">\n\t\t\t<h4 class=\"elementor-heading-title elementor-size-default\">Para o produtor:<\/h4>\t\t<\/div>\n\t\t\t\t<\/div>\n\t\t\t\t<div class=\"elementor-element elementor-element-964f9b9 elementor-widget elementor-widget-text-editor\" data-id=\"964f9b9\" data-element_type=\"widget\" data-widget_type=\"text-editor.default\">\n\t\t\t\t<div class=\"elementor-widget-container\">\n\t\t\t\t\t\t\t<p>Cobertura natural em que mant\u00e9m as caracter\u00edsticas das frutas por muito mais tempo, sem afetar no sabor, aroma ou valor nutricional.<\/p>\t\t\t\t\t\t<\/div>\n\t\t\t\t<\/div>\n\t\t\t\t<div class=\"elementor-element elementor-element-5172c8c elementor-invisible elementor-widget elementor-widget-button\" data-id=\"5172c8c\" data-element_type=\"widget\" data-settings=\"{&quot;_animation&quot;:&quot;slideInUp&quot;}\" data-widget_type=\"button.default\">\n\t\t\t\t<div class=\"elementor-widget-container\">\n\t\t\t\t\t<div class=\"elementor-button-wrapper\">\n\t\t\t<a href=\"http:\/\/quiperagro.com\" class=\"elementor-button-link elementor-button elementor-size-sm\" role=\"button\">\n\t\t\t\t\t\t<span class=\"elementor-button-content-wrapper\">\n\t\t\t\t\t\t\t<span class=\"elementor-button-icon elementor-align-icon-left\">\n\t\t\t\t<i aria-hidden=\"true\" class=\"fas fa-angle-right\"><\/i>\t\t\t<\/span>\n\t\t\t\t\t\t<span class=\"elementor-button-text\">Saiba Mais<\/span>\n\t\t<\/span>\n\t\t\t\t\t<\/a>\n\t\t<\/div>\n\t\t\t\t<\/div>\n\t\t\t\t<\/div>\n\t\t\t\t\t<\/div>\n\t\t<\/div>\n\t\t\t\t<div class=\"elementor-column elementor-col-33 elementor-top-column elementor-element elementor-element-d0d11d3 elementor-invisible\" data-id=\"d0d11d3\" data-element_type=\"column\" data-settings=\"{&quot;background_background&quot;:&quot;classic&quot;,&quot;animation&quot;:&quot;slideInUp&quot;}\">\n\t\t\t<div class=\"elementor-widget-wrap elementor-element-populated\">\n\t\t\t\t\t\t\t\t<div class=\"elementor-element elementor-element-2a3611a elementor-widget elementor-widget-menu-anchor\" data-id=\"2a3611a\" data-element_type=\"widget\" data-widget_type=\"menu-anchor.default\">\n\t\t\t\t<div class=\"elementor-widget-container\">\n\t\t\t\t\t<div id=\"down\" class=\"elementor-menu-anchor\"><\/div>\n\t\t\t\t<\/div>\n\t\t\t\t<\/div>\n\t\t\t\t<div class=\"elementor-element elementor-element-f76fc41 elementor-widget elementor-widget-image\" data-id=\"f76fc41\" data-element_type=\"widget\" data-widget_type=\"image.default\">\n\t\t\t\t<div class=\"elementor-widget-container\">\n\t\t\t\t\t\t\t\t\t\t\t\t\t\t\t<img loading=\"lazy\" decoding=\"async\" width=\"800\" height=\"954\" src=\"http:\/\/quiperagro.com\/wp-content\/uploads\/2023\/03\/tapete-859x1024.jpg\" class=\"attachment-large size-large wp-image-354\" alt=\"\" srcset=\"http:\/\/quiperagro.com\/wp-content\/uploads\/2023\/03\/tapete-859x1024.jpg 859w, http:\/\/quiperagro.com\/wp-content\/uploads\/2023\/03\/tapete-252x300.jpg 252w, http:\/\/quiperagro.com\/wp-content\/uploads\/2023\/03\/tapete-768x916.jpg 768w, http:\/\/quiperagro.com\/wp-content\/uploads\/2023\/03\/tapete-1289x1536.jpg 1289w, http:\/\/quiperagro.com\/wp-content\/uploads\/2023\/03\/tapete-1718x2048.jpg 1718w, http:\/\/quiperagro.com\/wp-content\/uploads\/2023\/03\/tapete.jpg 1843w\" sizes=\"auto, (max-width: 800px) 100vw, 800px\" \/>\t\t\t\t\t\t\t\t\t\t\t\t\t\t\t<\/div>\n\t\t\t\t<\/div>\n\t\t\t\t<div class=\"elementor-element elementor-element-b9abc4c elementor-widget elementor-widget-heading\" data-id=\"b9abc4c\" data-element_type=\"widget\" data-widget_type=\"heading.default\">\n\t\t\t\t<div class=\"elementor-widget-container\">\n\t\t\t<h4 class=\"elementor-heading-title elementor-size-default\">Para o varejo:<\/h4>\t\t<\/div>\n\t\t\t\t<\/div>\n\t\t\t\t<div class=\"elementor-element elementor-element-147e72b elementor-widget elementor-widget-text-editor\" data-id=\"147e72b\" data-element_type=\"widget\" data-widget_type=\"text-editor.default\">\n\t\t\t\t<div class=\"elementor-widget-container\">\n\t\t\t\t\t\t\t<p>&#8220;Tapete&#8221; para colocar abaixo de frutas, verduras e legumes, retardando o envelhecimento dos alimentos no ponto de venda.\u00a0<\/p>\t\t\t\t\t\t<\/div>\n\t\t\t\t<\/div>\n\t\t\t\t\t<\/div>\n\t\t<\/div>\n\t\t\t\t<div class=\"elementor-column elementor-col-33 elementor-top-column elementor-element elementor-element-969bea8 elementor-invisible\" data-id=\"969bea8\" data-element_type=\"column\" data-settings=\"{&quot;background_background&quot;:&quot;classic&quot;,&quot;animation&quot;:&quot;slideInUp&quot;}\">\n\t\t\t<div class=\"elementor-widget-wrap elementor-element-populated\">\n\t\t\t\t\t\t\t\t<div class=\"elementor-element elementor-element-314e90c elementor-widget elementor-widget-menu-anchor\" data-id=\"314e90c\" data-element_type=\"widget\" data-widget_type=\"menu-anchor.default\">\n\t\t\t\t<div class=\"elementor-widget-container\">\n\t\t\t\t\t<div id=\"down\" class=\"elementor-menu-anchor\"><\/div>\n\t\t\t\t<\/div>\n\t\t\t\t<\/div>\n\t\t\t\t<div class=\"elementor-element elementor-element-61ec738 elementor-widget elementor-widget-image\" data-id=\"61ec738\" data-element_type=\"widget\" data-widget_type=\"image.default\">\n\t\t\t\t<div class=\"elementor-widget-container\">\n\t\t\t\t\t\t\t\t\t\t\t\t\t\t\t<img loading=\"lazy\" decoding=\"async\" width=\"768\" height=\"916\" src=\"http:\/\/quiperagro.com\/wp-content\/uploads\/2023\/03\/morango-768x916.png\" class=\"attachment-medium_large size-medium_large wp-image-353\" alt=\"\" srcset=\"http:\/\/quiperagro.com\/wp-content\/uploads\/2023\/03\/morango-768x916.png 768w, http:\/\/quiperagro.com\/wp-content\/uploads\/2023\/03\/morango-252x300.png 252w, http:\/\/quiperagro.com\/wp-content\/uploads\/2023\/03\/morango-859x1024.png 859w, http:\/\/quiperagro.com\/wp-content\/uploads\/2023\/03\/morango-1289x1536.png 1289w, http:\/\/quiperagro.com\/wp-content\/uploads\/2023\/03\/morango-1718x2048.png 1718w, http:\/\/quiperagro.com\/wp-content\/uploads\/2023\/03\/morango.png 1843w\" sizes=\"auto, (max-width: 768px) 100vw, 768px\" \/>\t\t\t\t\t\t\t\t\t\t\t\t\t\t\t<\/div>\n\t\t\t\t<\/div>\n\t\t\t\t<div class=\"elementor-element elementor-element-597bac1 elementor-widget elementor-widget-heading\" data-id=\"597bac1\" data-element_type=\"widget\" data-widget_type=\"heading.default\">\n\t\t\t\t<div class=\"elementor-widget-container\">\n\t\t\t<h4 class=\"elementor-heading-title elementor-size-default\">Para o consumidor:<\/h4>\t\t<\/div>\n\t\t\t\t<\/div>\n\t\t\t\t<div class=\"elementor-element elementor-element-cd317be elementor-widget elementor-widget-text-editor\" data-id=\"cd317be\" data-element_type=\"widget\" data-widget_type=\"text-editor.default\">\n\t\t\t\t<div class=\"elementor-widget-container\">\n\t\t\t\t\t\t\t<p>Solu\u00e7\u00e3o para ser utilizada em casa. \u00c9 s\u00f3 colocar o Morango Azul pr\u00f3ximo das frutas, verduras ou legumes, seja na geladeira ou fruteira.<\/p>\t\t\t\t\t\t<\/div>\n\t\t\t\t<\/div>\n\t\t\t\t<div class=\"elementor-element elementor-element-1a53ea5 elementor-invisible elementor-widget elementor-widget-button\" data-id=\"1a53ea5\" data-element_type=\"widget\" data-settings=\"{&quot;_animation&quot;:&quot;slideInUp&quot;}\" data-widget_type=\"button.default\">\n\t\t\t\t<div class=\"elementor-widget-container\">\n\t\t\t\t\t<div class=\"elementor-button-wrapper\">\n\t\t\t<a href=\"https:\/\/www.morangoazul.com.br\/\" class=\"elementor-button-link elementor-button elementor-size-sm\" role=\"button\">\n\t\t\t\t\t\t<span class=\"elementor-button-content-wrapper\">\n\t\t\t\t\t\t\t<span class=\"elementor-button-icon elementor-align-icon-left\">\n\t\t\t\t<i aria-hidden=\"true\" class=\"fas fa-angle-right\"><\/i>\t\t\t<\/span>\n\t\t\t\t\t\t<span class=\"elementor-button-text\">Saiba Mais<\/span>\n\t\t<\/span>\n\t\t\t\t\t<\/a>\n\t\t<\/div>\n\t\t\t\t<\/div>\n\t\t\t\t<\/div>\n\t\t\t\t\t<\/div>\n\t\t<\/div>\n\t\t\t\t\t\t\t<\/div>\n\t\t<\/section>\n\t\t\t\t\t\t\t<\/div>\n\t\t","protected":false},"excerpt":{"rendered":"<p>Desenvolvemos solu\u00e7\u00f5es que aumentam a vida \u00fatil das frutas, verduras e legumes! Uma empresa inovadora focada no desenvolvimento de solu\u00e7\u00f5es para prolongar a vida \u00fatil dos alimentos.&nbsp; Proporcionando a redu\u00e7\u00e3o de desperd\u00edcio ao longo de toda a cadeia produtiva, otimizando recursos, ampliando a disponibilidade de produtos e maximizando os resultados. Conhe\u00e7a Nossas Solu\u00e7\u00f5es Para o [&hellip;]<\/p>\n","protected":false},"author":1,"featured_media":0,"parent":0,"menu_order":0,"comment_status":"closed","ping_status":"closed","template":"elementor_header_footer","meta":{"footnotes":""},"class_list":["post-6","page","type-page","status-publish","hentry"],"yoast_head":"<!-- This site is optimized with the Yoast SEO plugin v20.3 - https:\/\/yoast.com\/wordpress\/plugins\/seo\/ -->\n<title>Sobre - Quiper Agro<\/title>\n<meta name=\"robots\" content=\"index, follow, max-snippet:-1, max-image-preview:large, max-video-preview:-1\" \/>\n<link rel=\"canonical\" href=\"http:\/\/quiperagro.com\/?page_id=6\" \/>\n<meta property=\"og:locale\" content=\"en_US\" \/>\n<meta property=\"og:type\" content=\"article\" \/>\n<meta property=\"og:title\" content=\"Sobre - Quiper Agro\" \/>\n<meta property=\"og:description\" content=\"Desenvolvemos solu\u00e7\u00f5es que aumentam a vida \u00fatil das frutas, verduras e legumes! Uma empresa inovadora focada no desenvolvimento de solu\u00e7\u00f5es para prolongar a vida \u00fatil dos alimentos.&nbsp; Proporcionando a redu\u00e7\u00e3o de desperd\u00edcio ao longo de toda a cadeia produtiva, otimizando recursos, ampliando a disponibilidade de produtos e maximizando os resultados. Conhe\u00e7a Nossas Solu\u00e7\u00f5es Para o [&hellip;]\" \/>\n<meta property=\"og:url\" content=\"http:\/\/quiperagro.com\/?page_id=6\" \/>\n<meta property=\"og:site_name\" content=\"Quiper Agro\" \/>\n<meta property=\"article:modified_time\" content=\"2023-03-27T14:51:10+00:00\" \/>\n<meta property=\"og:image\" content=\"http:\/\/quiperagro.com\/wp-content\/uploads\/2023\/01\/Quiper-Agro-Rotulo-final2_Prancheta-1-copia-2-859x1024.jpg\" \/>\n<meta name=\"twitter:card\" content=\"summary_large_image\" \/>\n<meta name=\"twitter:label1\" content=\"Est. reading time\" \/>\n\t<meta name=\"twitter:data1\" content=\"2 minutes\" \/>\n<script type=\"application\/ld+json\" class=\"yoast-schema-graph\">{\"@context\":\"https:\/\/schema.org\",\"@graph\":[{\"@type\":\"WebPage\",\"@id\":\"http:\/\/quiperagro.com\/?page_id=6\",\"url\":\"http:\/\/quiperagro.com\/?page_id=6\",\"name\":\"Sobre - Quiper Agro\",\"isPartOf\":{\"@id\":\"https:\/\/quiperagro.com\/#website\"},\"datePublished\":\"2022-09-25T15:40:43+00:00\",\"dateModified\":\"2023-03-27T14:51:10+00:00\",\"breadcrumb\":{\"@id\":\"http:\/\/quiperagro.com\/?page_id=6#breadcrumb\"},\"inLanguage\":\"en-US\",\"potentialAction\":[{\"@type\":\"ReadAction\",\"target\":[\"http:\/\/quiperagro.com\/?page_id=6\"]}]},{\"@type\":\"BreadcrumbList\",\"@id\":\"http:\/\/quiperagro.com\/?page_id=6#breadcrumb\",\"itemListElement\":[{\"@type\":\"ListItem\",\"position\":1,\"name\":\"In\u00edcio\",\"item\":\"https:\/\/quiperagro.com\/\"},{\"@type\":\"ListItem\",\"position\":2,\"name\":\"Sobre\"}]},{\"@type\":\"WebSite\",\"@id\":\"https:\/\/quiperagro.com\/#website\",\"url\":\"https:\/\/quiperagro.com\/\",\"name\":\"Quiper Agro\",\"description\":\"Reduzindo o desperd\u00edcio de alimentos atrav\u00e9s da extens\u00e3o do shelf-life de frutas e legumes \",\"publisher\":{\"@id\":\"https:\/\/quiperagro.com\/#organization\"},\"potentialAction\":[{\"@type\":\"SearchAction\",\"target\":{\"@type\":\"EntryPoint\",\"urlTemplate\":\"https:\/\/quiperagro.com\/?s={search_term_string}\"},\"query-input\":\"required name=search_term_string\"}],\"inLanguage\":\"en-US\"},{\"@type\":\"Organization\",\"@id\":\"https:\/\/quiperagro.com\/#organization\",\"name\":\"Quiper Agro\",\"url\":\"https:\/\/quiperagro.com\/\",\"logo\":{\"@type\":\"ImageObject\",\"inLanguage\":\"en-US\",\"@id\":\"https:\/\/quiperagro.com\/#\/schema\/logo\/image\/\",\"url\":\"http:\/\/quiperagro.com\/wp-content\/uploads\/2023\/01\/cropped-Quiper-Agro.png\",\"contentUrl\":\"http:\/\/quiperagro.com\/wp-content\/uploads\/2023\/01\/cropped-Quiper-Agro.png\",\"width\":512,\"height\":213,\"caption\":\"Quiper Agro\"},\"image\":{\"@id\":\"https:\/\/quiperagro.com\/#\/schema\/logo\/image\/\"}}]}<\/script>\n<!-- \/ Yoast SEO plugin. -->","yoast_head_json":{"title":"Sobre - Quiper Agro","robots":{"index":"index","follow":"follow","max-snippet":"max-snippet:-1","max-image-preview":"max-image-preview:large","max-video-preview":"max-video-preview:-1"},"canonical":"http:\/\/quiperagro.com\/?page_id=6","og_locale":"en_US","og_type":"article","og_title":"Sobre - Quiper Agro","og_description":"Desenvolvemos solu\u00e7\u00f5es que aumentam a vida \u00fatil das frutas, verduras e legumes! Uma empresa inovadora focada no desenvolvimento de solu\u00e7\u00f5es para prolongar a vida \u00fatil dos alimentos.&nbsp; Proporcionando a redu\u00e7\u00e3o de desperd\u00edcio ao longo de toda a cadeia produtiva, otimizando recursos, ampliando a disponibilidade de produtos e maximizando os resultados. Conhe\u00e7a Nossas Solu\u00e7\u00f5es Para o [&hellip;]","og_url":"http:\/\/quiperagro.com\/?page_id=6","og_site_name":"Quiper Agro","article_modified_time":"2023-03-27T14:51:10+00:00","og_image":[{"url":"http:\/\/quiperagro.com\/wp-content\/uploads\/2023\/01\/Quiper-Agro-Rotulo-final2_Prancheta-1-copia-2-859x1024.jpg"}],"twitter_card":"summary_large_image","twitter_misc":{"Est. reading time":"2 minutes"},"schema":{"@context":"https:\/\/schema.org","@graph":[{"@type":"WebPage","@id":"http:\/\/quiperagro.com\/?page_id=6","url":"http:\/\/quiperagro.com\/?page_id=6","name":"Sobre - Quiper Agro","isPartOf":{"@id":"https:\/\/quiperagro.com\/#website"},"datePublished":"2022-09-25T15:40:43+00:00","dateModified":"2023-03-27T14:51:10+00:00","breadcrumb":{"@id":"http:\/\/quiperagro.com\/?page_id=6#breadcrumb"},"inLanguage":"en-US","potentialAction":[{"@type":"ReadAction","target":["http:\/\/quiperagro.com\/?page_id=6"]}]},{"@type":"BreadcrumbList","@id":"http:\/\/quiperagro.com\/?page_id=6#breadcrumb","itemListElement":[{"@type":"ListItem","position":1,"name":"In\u00edcio","item":"https:\/\/quiperagro.com\/"},{"@type":"ListItem","position":2,"name":"Sobre"}]},{"@type":"WebSite","@id":"https:\/\/quiperagro.com\/#website","url":"https:\/\/quiperagro.com\/","name":"Quiper Agro","description":"Reduzindo o desperd\u00edcio de alimentos atrav\u00e9s da extens\u00e3o do shelf-life de frutas e legumes ","publisher":{"@id":"https:\/\/quiperagro.com\/#organization"},"potentialAction":[{"@type":"SearchAction","target":{"@type":"EntryPoint","urlTemplate":"https:\/\/quiperagro.com\/?s={search_term_string}"},"query-input":"required name=search_term_string"}],"inLanguage":"en-US"},{"@type":"Organization","@id":"https:\/\/quiperagro.com\/#organization","name":"Quiper Agro","url":"https:\/\/quiperagro.com\/","logo":{"@type":"ImageObject","inLanguage":"en-US","@id":"https:\/\/quiperagro.com\/#\/schema\/logo\/image\/","url":"http:\/\/quiperagro.com\/wp-content\/uploads\/2023\/01\/cropped-Quiper-Agro.png","contentUrl":"http:\/\/quiperagro.com\/wp-content\/uploads\/2023\/01\/cropped-Quiper-Agro.png","width":512,"height":213,"caption":"Quiper Agro"},"image":{"@id":"https:\/\/quiperagro.com\/#\/schema\/logo\/image\/"}}]}},"_links":{"self":[{"href":"http:\/\/quiperagro.com\/index.php?rest_route=\/wp\/v2\/pages\/6","targetHints":{"allow":["GET"]}}],"collection":[{"href":"http:\/\/quiperagro.com\/index.php?rest_route=\/wp\/v2\/pages"}],"about":[{"href":"http:\/\/quiperagro.com\/index.php?rest_route=\/wp\/v2\/types\/page"}],"author":[{"embeddable":true,"href":"http:\/\/quiperagro.com\/index.php?rest_route=\/wp\/v2\/users\/1"}],"replies":[{"embeddable":true,"href":"http:\/\/quiperagro.com\/index.php?rest_route=%2Fwp%2Fv2%2Fcomments&post=6"}],"version-history":[{"count":10,"href":"http:\/\/quiperagro.com\/index.php?rest_route=\/wp\/v2\/pages\/6\/revisions"}],"predecessor-version":[{"id":364,"href":"http:\/\/quiperagro.com\/index.php?rest_route=\/wp\/v2\/pages\/6\/revisions\/364"}],"wp:attachment":[{"href":"http:\/\/quiperagro.com\/index.php?rest_route=%2Fwp%2Fv2%2Fmedia&parent=6"}],"curies":[{"name":"wp","href":"https:\/\/api.w.org\/{rel}","templated":true}]}}